{"id":78,"date":"2015-01-08T12:12:19","date_gmt":"2015-01-08T11:12:19","guid":{"rendered":"http:\/\/petzfrisor.com\/?page_id=78"},"modified":"2025-09-26T10:09:03","modified_gmt":"2025-09-26T08:09:03","slug":"boka-tid","status":"publish","type":"page","link":"http:\/\/petzfrisor.com\/?page_id=78","title":{"rendered":"Boka tid"},"content":{"rendered":"<p>Nu kan du boka tider hos oss direkt h\u00e4r p\u00e5 hemsidan. Om du ej hittar en tid som passar h\u00f6r av dig p\u00e5 0701-731334, s\u00e5 finns tider ut\u00f6ver onlinebokningen!<\/p>\n<p><script>\n(function(c,l,i,e,n,t,o){if(c.cbk){return;}c.cbk=function(){\nc.cbk.p.push(arguments);};c.cbk.p=[];e=l.createElement(\"script\");e.async=1;\ne.src=i;l.head.appendChild(e);n=l.createElement(\"div\");n.id=\"cliento-booking\";\nt=l.getElementsByTagName(\"script\");o=t[t.length-1];o.parentNode.insertBefore(n,o);\n})(window,document,\"https:\/\/cliento.com\/widget-v3\/cliento.js\");\ncbk(\"id\", \"6VoXKVx0VJyhlxHXve7t3E\");\n<\/script><\/p>\n","protected":false},"excerpt":{"rendered":"<p>Nu kan du boka tider hos oss direkt h\u00e4r p\u00e5 hemsidan. Om du ej hittar en tid som passar h\u00f6r av dig p\u00e5 0701-731334, s\u00e5 finns tider ut\u00f6ver onlinebokningen!<\/p>\n","protected":false},"author":1,"featured_media":0,"parent":0,"menu_order":10,"comment_status":"closed","ping_status":"open","template":"onecolumn-page.php","meta":{"footnotes":""},"class_list":["post-78","page","type-page","status-publish","hentry"],"_links":{"self":[{"href":"http:\/\/petzfrisor.com\/index.php?rest_route=\/wp\/v2\/pages\/78","targetHints":{"allow":["GET"]}}],"collection":[{"href":"http:\/\/petzfrisor.com\/index.php?rest_route=\/wp\/v2\/pages"}],"about":[{"href":"http:\/\/petzfrisor.com\/index.php?rest_route=\/wp\/v2\/types\/page"}],"author":[{"embeddable":true,"href":"http:\/\/petzfrisor.com\/index.php?rest_route=\/wp\/v2\/users\/1"}],"replies":[{"embeddable":true,"href":"http:\/\/petzfrisor.com\/index.php?rest_route=%2Fwp%2Fv2%2Fcomments&post=78"}],"version-history":[{"count":26,"href":"http:\/\/petzfrisor.com\/index.php?rest_route=\/wp\/v2\/pages\/78\/revisions"}],"predecessor-version":[{"id":454,"href":"http:\/\/petzfrisor.com\/index.php?rest_route=\/wp\/v2\/pages\/78\/revisions\/454"}],"wp:attachment":[{"href":"http:\/\/petzfrisor.com\/index.php?rest_route=%2Fwp%2Fv2%2Fmedia&parent=78"}],"curies":[{"name":"wp","href":"https:\/\/api.w.org\/{rel}","templated":true}]}}