{"id":21,"date":"2011-08-06T22:23:18","date_gmt":"2011-08-06T20:23:18","guid":{"rendered":"http:\/\/petzfrisor.com\/?page_id=21"},"modified":"2025-09-26T10:12:26","modified_gmt":"2025-09-26T08:12:26","slug":"oppettider","status":"publish","type":"page","link":"http:\/\/petzfrisor.com\/?page_id=21","title":{"rendered":"Kontakta oss"},"content":{"rendered":"\n<p><strong>\u00d6ppettider<\/strong><\/p>\n\n\n\n<ul class=\"wp-block-list\">\n<li>M\u00e5n\u2013Tors \u2013 8\u201318 (eller enligt \u00f6verenskommelse 7\u201319)<\/li>\n\n\n\n<li>Fre \u2013 7\u201317<\/li>\n\n\n\n<li>L\u00f6r \u2013 Enligt \u00f6verenskommelse<\/li>\n<\/ul>\n\n\n\n<p><strong>Adress<\/strong><\/p>\n\n\n\n<p>Midsommarv\u00e4gen 53, Stockholm (H\u00e4gersten)<\/p>\n\n\n\n<p>08-645 45 55, 070-173 13 34<\/p>\n\n\n\n<p>&nbsp;<\/p>\n\n\n<p><center><div id=\"wpgmza_map\" class=\"wpgmza_map\" data-settings='{\"id\":\"1\",\"map_title\":\"My first map\",\"map_width\":\"600\",\"map_height\":\"400\",\"map_start_lat\":\"59.308717\",\"map_start_lng\":\"18.003211\",\"map_start_location\":\"59.308717231457145,18.003211294541977\",\"map_start_zoom\":\"12\",\"default_marker\":\"0\",\"type\":\"1\",\"alignment\":\"3\",\"directions_enabled\":\"1\",\"styling_enabled\":\"0\",\"styling_json\":\"\",\"active\":\"0\",\"kml\":\"\",\"bicycle\":\"0\",\"traffic\":\"0\",\"dbox\":\"1\",\"dbox_width\":\"250\",\"listmarkers\":\"0\",\"listmarkers_advanced\":\"0\",\"filterbycat\":\"0\",\"ugm_enabled\":\"0\",\"ugm_category_enabled\":\"0\",\"fusion\":\"\",\"map_width_type\":\"px\",\"map_height_type\":\"px\",\"mass_marker_support\":\"1\",\"ugm_access\":\"0\",\"order_markers_by\":\"1\",\"order_markers_choice\":\"2\",\"show_user_location\":\"0\",\"default_to\":\"\",\"other_settings\":{\"store_locator_enabled\":2,\"store_locator_distance\":2,\"store_locator_bounce\":1,\"store_locator_query_string\":\"ZIP \\\/ Address:\",\"wpgmza_store_locator_restrict\":\"\",\"map_max_zoom\":\"1\",\"transport_layer\":0,\"wpgmza_theme_data\":\"\"}}' data-map-id='1' Data-maps-engine='open-layers' data-shortcode-attributes='{\"id\":\"1\"}' style=\"display:block; overflow:auto; width:600px; height:400px; float:left;\"><\/div><\/center><\/p>\n","protected":false},"excerpt":{"rendered":"<p>\u00d6ppettider Adress Midsommarv\u00e4gen 53, Stockholm (H\u00e4gersten) 08-645 45 55, 070-173 13 34 &nbsp;<\/p>\n","protected":false},"author":1,"featured_media":0,"parent":0,"menu_order":1,"comment_status":"closed","ping_status":"open","template":"onecolumn-page.php","meta":{"footnotes":""},"class_list":["post-21","page","type-page","status-publish","hentry"],"_links":{"self":[{"href":"http:\/\/petzfrisor.com\/index.php?rest_route=\/wp\/v2\/pages\/21","targetHints":{"allow":["GET"]}}],"collection":[{"href":"http:\/\/petzfrisor.com\/index.php?rest_route=\/wp\/v2\/pages"}],"about":[{"href":"http:\/\/petzfrisor.com\/index.php?rest_route=\/wp\/v2\/types\/page"}],"author":[{"embeddable":true,"href":"http:\/\/petzfrisor.com\/index.php?rest_route=\/wp\/v2\/users\/1"}],"replies":[{"embeddable":true,"href":"http:\/\/petzfrisor.com\/index.php?rest_route=%2Fwp%2Fv2%2Fcomments&post=21"}],"version-history":[{"count":14,"href":"http:\/\/petzfrisor.com\/index.php?rest_route=\/wp\/v2\/pages\/21\/revisions"}],"predecessor-version":[{"id":455,"href":"http:\/\/petzfrisor.com\/index.php?rest_route=\/wp\/v2\/pages\/21\/revisions\/455"}],"wp:attachment":[{"href":"http:\/\/petzfrisor.com\/index.php?rest_route=%2Fwp%2Fv2%2Fmedia&parent=21"}],"curies":[{"name":"wp","href":"https:\/\/api.w.org\/{rel}","templated":true}]}}